{"id":11198,"date":"2024-01-31T03:02:59","date_gmt":"2024-01-31T09:02:59","guid":{"rendered":"https:\/\/oldsurfer.com\/?page_id=11198"},"modified":"2025-10-17T07:59:41","modified_gmt":"2025-10-17T13:59:41","slug":"casos-de-cambio","status":"publish","type":"page","link":"https:\/\/oldsurfer.com\/es\/casos-de-cambio\/","title":{"rendered":"Casos de cambio"},"content":{"rendered":"[vc_row type=\u00bbfull_width_content\u00bb full_screen_row_position=\u00bbmiddle\u00bb column_margin=\u00bbdefault\u00bb column_direction=\u00bbdefault\u00bb column_direction_tablet=\u00bbdefault\u00bb column_direction_phone=\u00bbdefault\u00bb scene_position=\u00bbcenter\u00bb top_padding=\u00bb5%\u00bb constrain_group_1=\u00bbyes\u00bb bottom_padding=\u00bb5%\u00bb top_padding_tablet=\u00bb25%\u00bb top_padding_phone=\u00bb35%\u00bb text_color=\u00bbdark\u00bb text_align=\u00bbleft\u00bb row_border_radius=\u00bbnone\u00bb row_border_radius_applies=\u00bbbg\u00bb overflow=\u00bbvisible\u00bb advanced_gradient_angle=\u00bb0&#8243; overlay_strength=\u00bb0.3&#8243; gradient_direction=\u00bbleft_to_right\u00bb shape_divider_position=\u00bbbottom\u00bb bg_image_animation=\u00bbnone\u00bb shape_type=\u00bbstraight_section\u00bb gradient_type=\u00bbdefault\u00bb][vc_column column_padding=\u00bbno-extra-padding\u00bb column_padding_tablet=\u00bbinherit\u00bb column_padding_phone=\u00bbinherit\u00bb column_padding_position=\u00bbtop-bottom\u00bb column_element_direction_desktop=\u00bbdefault\u00bb column_element_spacing=\u00bb0px\u00bb desktop_text_alignment=\u00bbdefault\u00bb tablet_text_alignment=\u00bbdefault\u00bb phone_text_alignment=\u00bbdefault\u00bb background_color_opacity=\u00bb1&#8243; background_hover_color_opacity=\u00bb1&#8243; column_backdrop_filter=\u00bbnone\u00bb column_shadow=\u00bbnone\u00bb column_border_radius=\u00bbnone\u00bb column_link_target=\u00bb_self\u00bb column_position=\u00bbdefault\u00bb advanced_gradient_angle=\u00bb0&#8243; gradient_direction=\u00bbleft_to_right\u00bb overlay_strength=\u00bb0.3&#8243; width=\u00bb1\/1&#8243; tablet_width_inherit=\u00bbdefault\u00bb animation_type=\u00bbdefault\u00bb bg_image_animation=\u00bbnone\u00bb border_type=\u00bbsimple\u00bb column_border_width=\u00bbnone\u00bb column_border_style=\u00bbsolid\u00bb gradient_type=\u00bbdefault\u00bb][vc_row_inner column_margin=\u00bbnone\u00bb column_direction=\u00bbdefault\u00bb column_direction_tablet=\u00bbdefault\u00bb column_direction_phone=\u00bbdefault\u00bb left_padding_desktop=\u00bb8%\u00bb constrain_group_2=\u00bbyes\u00bb right_padding_desktop=\u00bb8%\u00bb text_align=\u00bbleft\u00bb row_position=\u00bbdefault\u00bb row_position_tablet=\u00bbinherit\u00bb row_position_phone=\u00bbinherit\u00bb overflow=\u00bbvisible\u00bb pointer_events=\u00bball\u00bb][vc_column_inner column_padding=\u00bbno-extra-padding\u00bb column_padding_tablet=\u00bbinherit\u00bb column_padding_phone=\u00bbinherit\u00bb column_padding_position=\u00bball\u00bb column_element_direction_desktop=\u00bbdefault\u00bb column_element_spacing=\u00bb0px\u00bb centered_text=\u00bbtrue\u00bb desktop_text_alignment=\u00bbdefault\u00bb tablet_text_alignment=\u00bbdefault\u00bb phone_text_alignment=\u00bbdefault\u00bb background_color_opacity=\u00bb1&#8243; background_hover_color_opacity=\u00bb1&#8243; column_backdrop_filter=\u00bbnone\u00bb font_color=\u00bb#0062d5&#8243; column_shadow=\u00bbnone\u00bb column_border_radius=\u00bbnone\u00bb column_link_target=\u00bb_self\u00bb overflow=\u00bbvisible\u00bb advanced_gradient_angle=\u00bb0&#8243; gradient_direction=\u00bbleft_to_right\u00bb overlay_strength=\u00bb0.3&#8243; width=\u00bb1\/1&#8243; tablet_width_inherit=\u00bbdefault\u00bb animation_type=\u00bbdefault\u00bb bg_image_animation=\u00bbnone\u00bb border_type=\u00bbsimple\u00bb column_border_width=\u00bbnone\u00bb column_border_style=\u00bbsolid\u00bb gradient_type=\u00bbdefault\u00bb column_padding_type=\u00bbdefault\u00bb][split_line_heading animation_type=\u00bbline-reveal-by-space\u00bb font_style=\u00bbh1&#8243; line_reveal_by_space_text_effect=\u00bbletter-reveal-bottom\u00bb mobile_disable_animation=\u00bbtrue\u00bb content_alignment=\u00bbcenter\u00bb mobile_content_alignment=\u00bbinherit\u00bb link_target=\u00bb_self\u00bb text_content=\u00bbNUESTRO\u00bb font_size=\u00bb13vw\u00bb font_line_height=\u00bb0.8&#8243; font_size_tablet=\u00bb13vw\u00bb]\n[\/split_line_heading][split_line_heading animation_type=\u00bbline-reveal-by-space\u00bb font_style=\u00bbh1&#8243; line_reveal_by_space_text_effect=\u00bbletter-reveal-bottom\u00bb mobile_disable_animation=\u00bbtrue\u00bb content_alignment=\u00bbcenter\u00bb mobile_content_alignment=\u00bbinherit\u00bb link_target=\u00bb_self\u00bb text_content=\u00bbTRABAJO\u00bb font_size=\u00bb13vw\u00bb font_line_height=\u00bb0.8&#8243; animation_delay=\u00bb200&#8243; font_size_tablet=\u00bb13vw\u00bb]\n[\/split_line_heading][\/vc_column_inner][\/vc_row_inner][vc_row_inner column_margin=\u00bbdefault\u00bb column_direction=\u00bbdefault\u00bb column_direction_tablet=\u00bbdefault\u00bb column_direction_phone=\u00bbdefault\u00bb top_padding=\u00bb5%\u00bb left_padding_phone=\u00bb0&#8243; right_padding_phone=\u00bb0&#8243; text_align=\u00bbleft\u00bb row_position=\u00bbdefault\u00bb row_position_tablet=\u00bbinherit\u00bb row_position_phone=\u00bbinherit\u00bb overflow=\u00bbvisible\u00bb pointer_events=\u00bball\u00bb][vc_column_inner column_padding=\u00bbno-extra-padding\u00bb column_padding_tablet=\u00bbinherit\u00bb column_padding_phone=\u00bbno-extra-padding\u00bb column_padding_position=\u00bball\u00bb left_margin_phone=\u00bb0&#8243; right_margin_phone=\u00bb0&#8243; column_element_direction_desktop=\u00bbdefault\u00bb column_element_spacing=\u00bbdefault\u00bb desktop_text_alignment=\u00bbdefault\u00bb tablet_text_alignment=\u00bbdefault\u00bb phone_text_alignment=\u00bbdefault\u00bb background_color_opacity=\u00bb1&#8243; background_hover_color_opacity=\u00bb1&#8243; column_backdrop_filter=\u00bbnone\u00bb column_shadow=\u00bbnone\u00bb column_border_radius=\u00bbnone\u00bb column_link_target=\u00bb_self\u00bb overflow=\u00bbvisible\u00bb gradient_direction=\u00bbleft_to_right\u00bb overlay_strength=\u00bb0.3&#8243; width=\u00bb1\/1&#8243; tablet_width_inherit=\u00bbdefault\u00bb animation_type=\u00bbdefault\u00bb bg_image_animation=\u00bbnone\u00bb border_type=\u00bbsimple\u00bb column_border_width=\u00bbnone\u00bb column_border_style=\u00bbsolid\u00bb column_padding_type=\u00bbdefault\u00bb gradient_type=\u00bbdefault\u00bb][vc_custom_heading text=\u00bbSomos un equipo de expertos en comunicaci\u00f3n de marcas que re\u00fane; m\u00e9todo, visi\u00f3n estrat\u00e9gica y potencia creativa, con experiencia probada en mercados locales y globales.\u00bb font_container=\u00bbtag:p|font_size:25|text_align:center\u00bb google_fonts=\u00bbfont_family:Neuton%3A200%2C300%2Cregular%2Citalic%2C700%2C800|font_style:300%20light%20regular%3A300%3Anormal\u00bb css=\u00bb.vc_custom_1760708182180{padding-right: 20% !important;padding-left: 20% !important;}\u00bb][\/vc_column_inner][\/vc_row_inner][\/vc_column][\/vc_row][vc_row type=\u00bbfull_width_content\u00bb full_screen_row_position=\u00bbmiddle\u00bb column_margin=\u00bbdefault\u00bb column_direction=\u00bbdefault\u00bb column_direction_tablet=\u00bbdefault\u00bb column_direction_phone=\u00bbdefault\u00bb scene_position=\u00bbcenter\u00bb text_color=\u00bblight\u00bb text_align=\u00bbleft\u00bb row_border_radius=\u00bbnone\u00bb row_border_radius_applies=\u00bbbg\u00bb overflow=\u00bbvisible\u00bb advanced_gradient_angle=\u00bb0&#8243; overlay_strength=\u00bb0.3&#8243; gradient_direction=\u00bbleft_to_right\u00bb shape_divider_position=\u00bbbottom\u00bb bg_image_animation=\u00bbnone\u00bb shape_type=\u00bb\u00bb gradient_type=\u00bbdefault\u00bb][vc_column column_padding=\u00bbno-extra-padding\u00bb column_padding_tablet=\u00bbinherit\u00bb column_padding_phone=\u00bbinherit\u00bb column_padding_position=\u00bball\u00bb column_element_direction_desktop=\u00bbdefault\u00bb column_element_spacing=\u00bbdefault\u00bb desktop_text_alignment=\u00bbdefault\u00bb tablet_text_alignment=\u00bbdefault\u00bb phone_text_alignment=\u00bbdefault\u00bb background_color_opacity=\u00bb1&#8243; background_hover_color_opacity=\u00bb1&#8243; column_backdrop_filter=\u00bbnone\u00bb column_shadow=\u00bbnone\u00bb column_border_radius=\u00bbnone\u00bb column_link_target=\u00bb_self\u00bb column_position=\u00bbdefault\u00bb gradient_direction=\u00bbleft_to_right\u00bb overlay_strength=\u00bb0.3&#8243; width=\u00bb1\/1&#8243; tablet_width_inherit=\u00bbdefault\u00bb animation_type=\u00bbdefault\u00bb bg_image_animation=\u00bbnone\u00bb border_type=\u00bbsimple\u00bb column_border_width=\u00bbnone\u00bb column_border_style=\u00bbsolid\u00bb][nectar_post_grid post_type=\u00bbportfolio\u00bb portfolio_category=\u00bbcase-2&#8243; order=\u00bbDESC\u00bb orderby=\u00bbdate\u00bb pagination=\u00bbload-more\u00bb button_color=\u00bbextra-color-gradient-2&#8243; columns=\u00bb2&#8243; grid_item_spacing=\u00bb10px\u00bb grid_item_height=\u00bb30vh\u00bb enable_masonry=\u00bbyes\u00bb image_size=\u00bblarge_featured\u00bb image_loading=\u00bblazy-load\u00bb animation=\u00bbnone\u00bb heading_tag=\u00bbh2&#8243; category_position=\u00bbdefault\u00bb display_date=\u00bbyes\u00bb grid_style=\u00bbcontent_overlaid\u00bb text_content_layout=\u00bball_bottom_left_shadow\u00bb color_overlay_opacity=\u00bb0&#8243; color_overlay_hover_opacity=\u00bb0&#8243; text_color=\u00bblight\u00bb text_color_hover=\u00bblight\u00bb text_opacity=\u00bb1&#8243; text_hover_opacity=\u00bb1&#8243; hover_effect=\u00bbslow_zoom\u00bb border_radius=\u00bbnone\u00bb meta_visibility=\u00bbalways\u00bb posts_per_page=\u00bb10&#8243; custom_font_size=\u00bb35px\u00bb][\/vc_column][\/vc_row]\n","protected":false},"excerpt":{"rendered":"<p>[vc_row type=\u00bbfull_width_content\u00bb full_screen_row_position=\u00bbmiddle\u00bb column_margin=\u00bbdefault\u00bb column_direction=\u00bbdefault\u00bb column_direction_tablet=\u00bbdefault\u00bb column_direction_phone=\u00bbdefault\u00bb scene_position=\u00bbcenter\u00bb top_padding=\u00bb5%\u00bb constrain_group_1=\u00bbyes\u00bb bottom_padding=\u00bb5%\u00bb top_padding_tablet=\u00bb25%\u00bb top_padding_phone=\u00bb35%\u00bb text_color=\u00bbdark\u00bb text_align=\u00bbleft\u00bb&#8230;<\/p>\n","protected":false},"author":6,"featured_media":10722,"parent":0,"menu_order":0,"comment_status":"closed","ping_status":"closed","template":"","meta":{"footnotes":""},"class_list":["post-11198","page","type-page","status-publish","has-post-thumbnail"],"yoast_head":"<!-- This site is optimized with the Yoast SEO plugin v27.4 - https:\/\/yoast.com\/product\/yoast-seo-wordpress\/ -->\n<title>Cases of change | Old Surfer<\/title>\n<meta name=\"description\" content=\"Discover inspiring transformation stories through our Change Stories section. Immerse yourself in the narratives of individuals who have embraced positive change.\" \/>\n<meta name=\"robots\" content=\"index, follow, max-snippet:-1, max-image-preview:large, max-video-preview:-1\" \/>\n<link rel=\"canonical\" href=\"https:\/\/oldsurfer.com\/es\/casos-de-cambio\/\" \/>\n<meta property=\"og:locale\" content=\"es_ES\" \/>\n<meta property=\"og:type\" content=\"article\" \/>\n<meta property=\"og:title\" content=\"Cases of change | Old Surfer\" \/>\n<meta property=\"og:description\" content=\"Discover inspiring transformation stories through our Change Stories section. Immerse yourself in the narratives of individuals who have embraced positive change.\" \/>\n<meta property=\"og:url\" content=\"https:\/\/oldsurfer.com\/es\/casos-de-cambio\/\" \/>\n<meta property=\"og:site_name\" content=\"Old Surfer\" \/>\n<meta property=\"article:modified_time\" content=\"2025-10-17T13:59:41+00:00\" \/>\n<meta property=\"og:image\" content=\"https:\/\/oldsurfer.com\/wp-content\/uploads\/2023\/09\/Rectangle-20.jpg\" \/>\n\t<meta property=\"og:image:width\" content=\"1440\" \/>\n\t<meta property=\"og:image:height\" content=\"734\" \/>\n\t<meta property=\"og:image:type\" content=\"image\/jpeg\" \/>\n<meta name=\"twitter:card\" content=\"summary_large_image\" \/>\n<meta name=\"twitter:label1\" content=\"Tiempo de lectura\" \/>\n\t<meta name=\"twitter:data1\" content=\"5 minutos\" \/>\n<script type=\"application\/ld+json\" class=\"yoast-schema-graph\">{\"@context\":\"https:\\\/\\\/schema.org\",\"@graph\":[{\"@type\":\"WebPage\",\"@id\":\"https:\\\/\\\/oldsurfer.com\\\/es\\\/casos-de-cambio\\\/\",\"url\":\"https:\\\/\\\/oldsurfer.com\\\/es\\\/casos-de-cambio\\\/\",\"name\":\"Cases of change | Old Surfer\",\"isPartOf\":{\"@id\":\"https:\\\/\\\/oldsurfer.com\\\/es\\\/#website\"},\"primaryImageOfPage\":{\"@id\":\"https:\\\/\\\/oldsurfer.com\\\/es\\\/casos-de-cambio\\\/#primaryimage\"},\"image\":{\"@id\":\"https:\\\/\\\/oldsurfer.com\\\/es\\\/casos-de-cambio\\\/#primaryimage\"},\"thumbnailUrl\":\"https:\\\/\\\/oldsurfer.com\\\/wp-content\\\/uploads\\\/2023\\\/09\\\/Rectangle-20.jpg\",\"datePublished\":\"2024-01-31T09:02:59+00:00\",\"dateModified\":\"2025-10-17T13:59:41+00:00\",\"description\":\"Discover inspiring transformation stories through our Change Stories section. Immerse yourself in the narratives of individuals who have embraced positive change.\",\"breadcrumb\":{\"@id\":\"https:\\\/\\\/oldsurfer.com\\\/es\\\/casos-de-cambio\\\/#breadcrumb\"},\"inLanguage\":\"es\",\"potentialAction\":[{\"@type\":\"ReadAction\",\"target\":[\"https:\\\/\\\/oldsurfer.com\\\/es\\\/casos-de-cambio\\\/\"]}]},{\"@type\":\"ImageObject\",\"inLanguage\":\"es\",\"@id\":\"https:\\\/\\\/oldsurfer.com\\\/es\\\/casos-de-cambio\\\/#primaryimage\",\"url\":\"https:\\\/\\\/oldsurfer.com\\\/wp-content\\\/uploads\\\/2023\\\/09\\\/Rectangle-20.jpg\",\"contentUrl\":\"https:\\\/\\\/oldsurfer.com\\\/wp-content\\\/uploads\\\/2023\\\/09\\\/Rectangle-20.jpg\",\"width\":1440,\"height\":734},{\"@type\":\"BreadcrumbList\",\"@id\":\"https:\\\/\\\/oldsurfer.com\\\/es\\\/casos-de-cambio\\\/#breadcrumb\",\"itemListElement\":[{\"@type\":\"ListItem\",\"position\":1,\"name\":\"Home\",\"item\":\"https:\\\/\\\/oldsurfer.com\\\/es\\\/\"},{\"@type\":\"ListItem\",\"position\":2,\"name\":\"Casos de cambio\"}]},{\"@type\":\"WebSite\",\"@id\":\"https:\\\/\\\/oldsurfer.com\\\/es\\\/#website\",\"url\":\"https:\\\/\\\/oldsurfer.com\\\/es\\\/\",\"name\":\"Old Surfer\",\"description\":\"Old Surfer es una Agencia de Cambio.\",\"publisher\":{\"@id\":\"https:\\\/\\\/oldsurfer.com\\\/es\\\/#organization\"},\"potentialAction\":[{\"@type\":\"SearchAction\",\"target\":{\"@type\":\"EntryPoint\",\"urlTemplate\":\"https:\\\/\\\/oldsurfer.com\\\/es\\\/?s={search_term_string}\"},\"query-input\":{\"@type\":\"PropertyValueSpecification\",\"valueRequired\":true,\"valueName\":\"search_term_string\"}}],\"inLanguage\":\"es\"},{\"@type\":\"Organization\",\"@id\":\"https:\\\/\\\/oldsurfer.com\\\/es\\\/#organization\",\"name\":\"Old Surfer\",\"url\":\"https:\\\/\\\/oldsurfer.com\\\/es\\\/\",\"logo\":{\"@type\":\"ImageObject\",\"inLanguage\":\"es\",\"@id\":\"https:\\\/\\\/oldsurfer.com\\\/es\\\/#\\\/schema\\\/logo\\\/image\\\/\",\"url\":\"https:\\\/\\\/oldsurfer.com\\\/wp-content\\\/uploads\\\/2021\\\/10\\\/os_perfil.jpg\",\"contentUrl\":\"https:\\\/\\\/oldsurfer.com\\\/wp-content\\\/uploads\\\/2021\\\/10\\\/os_perfil.jpg\",\"width\":1200,\"height\":1200,\"caption\":\"Old Surfer\"},\"image\":{\"@id\":\"https:\\\/\\\/oldsurfer.com\\\/es\\\/#\\\/schema\\\/logo\\\/image\\\/\"},\"sameAs\":[\"https:\\\/\\\/www.instagram.com\\\/oldsurfer_\\\/\",\"https:\\\/\\\/www.linkedin.com\\\/company\\\/old-surfer\\\/\",\"https:\\\/\\\/www.youtube.com\\\/channel\\\/UClSlsa6ezMhkBDjoYaZtUfQ\"]}]}<\/script>\n<!-- \/ Yoast SEO plugin. -->","yoast_head_json":{"title":"Cases of change | Old Surfer","description":"Discover inspiring transformation stories through our Change Stories section. Immerse yourself in the narratives of individuals who have embraced positive change.","robots":{"index":"index","follow":"follow","max-snippet":"max-snippet:-1","max-image-preview":"max-image-preview:large","max-video-preview":"max-video-preview:-1"},"canonical":"https:\/\/oldsurfer.com\/es\/casos-de-cambio\/","og_locale":"es_ES","og_type":"article","og_title":"Cases of change | Old Surfer","og_description":"Discover inspiring transformation stories through our Change Stories section. Immerse yourself in the narratives of individuals who have embraced positive change.","og_url":"https:\/\/oldsurfer.com\/es\/casos-de-cambio\/","og_site_name":"Old Surfer","article_modified_time":"2025-10-17T13:59:41+00:00","og_image":[{"width":1440,"height":734,"url":"https:\/\/oldsurfer.com\/wp-content\/uploads\/2023\/09\/Rectangle-20.jpg","type":"image\/jpeg"}],"twitter_card":"summary_large_image","twitter_misc":{"Tiempo de lectura":"5 minutos"},"schema":{"@context":"https:\/\/schema.org","@graph":[{"@type":"WebPage","@id":"https:\/\/oldsurfer.com\/es\/casos-de-cambio\/","url":"https:\/\/oldsurfer.com\/es\/casos-de-cambio\/","name":"Cases of change | Old Surfer","isPartOf":{"@id":"https:\/\/oldsurfer.com\/es\/#website"},"primaryImageOfPage":{"@id":"https:\/\/oldsurfer.com\/es\/casos-de-cambio\/#primaryimage"},"image":{"@id":"https:\/\/oldsurfer.com\/es\/casos-de-cambio\/#primaryimage"},"thumbnailUrl":"https:\/\/oldsurfer.com\/wp-content\/uploads\/2023\/09\/Rectangle-20.jpg","datePublished":"2024-01-31T09:02:59+00:00","dateModified":"2025-10-17T13:59:41+00:00","description":"Discover inspiring transformation stories through our Change Stories section. Immerse yourself in the narratives of individuals who have embraced positive change.","breadcrumb":{"@id":"https:\/\/oldsurfer.com\/es\/casos-de-cambio\/#breadcrumb"},"inLanguage":"es","potentialAction":[{"@type":"ReadAction","target":["https:\/\/oldsurfer.com\/es\/casos-de-cambio\/"]}]},{"@type":"ImageObject","inLanguage":"es","@id":"https:\/\/oldsurfer.com\/es\/casos-de-cambio\/#primaryimage","url":"https:\/\/oldsurfer.com\/wp-content\/uploads\/2023\/09\/Rectangle-20.jpg","contentUrl":"https:\/\/oldsurfer.com\/wp-content\/uploads\/2023\/09\/Rectangle-20.jpg","width":1440,"height":734},{"@type":"BreadcrumbList","@id":"https:\/\/oldsurfer.com\/es\/casos-de-cambio\/#breadcrumb","itemListElement":[{"@type":"ListItem","position":1,"name":"Home","item":"https:\/\/oldsurfer.com\/es\/"},{"@type":"ListItem","position":2,"name":"Casos de cambio"}]},{"@type":"WebSite","@id":"https:\/\/oldsurfer.com\/es\/#website","url":"https:\/\/oldsurfer.com\/es\/","name":"Old Surfer","description":"Old Surfer es una Agencia de Cambio.","publisher":{"@id":"https:\/\/oldsurfer.com\/es\/#organization"},"potentialAction":[{"@type":"SearchAction","target":{"@type":"EntryPoint","urlTemplate":"https:\/\/oldsurfer.com\/es\/?s={search_term_string}"},"query-input":{"@type":"PropertyValueSpecification","valueRequired":true,"valueName":"search_term_string"}}],"inLanguage":"es"},{"@type":"Organization","@id":"https:\/\/oldsurfer.com\/es\/#organization","name":"Old Surfer","url":"https:\/\/oldsurfer.com\/es\/","logo":{"@type":"ImageObject","inLanguage":"es","@id":"https:\/\/oldsurfer.com\/es\/#\/schema\/logo\/image\/","url":"https:\/\/oldsurfer.com\/wp-content\/uploads\/2021\/10\/os_perfil.jpg","contentUrl":"https:\/\/oldsurfer.com\/wp-content\/uploads\/2021\/10\/os_perfil.jpg","width":1200,"height":1200,"caption":"Old Surfer"},"image":{"@id":"https:\/\/oldsurfer.com\/es\/#\/schema\/logo\/image\/"},"sameAs":["https:\/\/www.instagram.com\/oldsurfer_\/","https:\/\/www.linkedin.com\/company\/old-surfer\/","https:\/\/www.youtube.com\/channel\/UClSlsa6ezMhkBDjoYaZtUfQ"]}]}},"_links":{"self":[{"href":"https:\/\/oldsurfer.com\/es\/wp-json\/wp\/v2\/pages\/11198","targetHints":{"allow":["GET"]}}],"collection":[{"href":"https:\/\/oldsurfer.com\/es\/wp-json\/wp\/v2\/pages"}],"about":[{"href":"https:\/\/oldsurfer.com\/es\/wp-json\/wp\/v2\/types\/page"}],"author":[{"embeddable":true,"href":"https:\/\/oldsurfer.com\/es\/wp-json\/wp\/v2\/users\/6"}],"replies":[{"embeddable":true,"href":"https:\/\/oldsurfer.com\/es\/wp-json\/wp\/v2\/comments?post=11198"}],"version-history":[{"count":7,"href":"https:\/\/oldsurfer.com\/es\/wp-json\/wp\/v2\/pages\/11198\/revisions"}],"predecessor-version":[{"id":13654,"href":"https:\/\/oldsurfer.com\/es\/wp-json\/wp\/v2\/pages\/11198\/revisions\/13654"}],"wp:featuredmedia":[{"embeddable":true,"href":"https:\/\/oldsurfer.com\/es\/wp-json\/wp\/v2\/media\/10722"}],"wp:attachment":[{"href":"https:\/\/oldsurfer.com\/es\/wp-json\/wp\/v2\/media?parent=11198"}],"curies":[{"name":"wp","href":"https:\/\/api.w.org\/{rel}","templated":true}]}}