{"id":11504,"date":"2024-02-08T05:28:02","date_gmt":"2024-02-08T11:28:02","guid":{"rendered":"https:\/\/oldsurfer.com\/?page_id=11504"},"modified":"2024-02-16T13:51:14","modified_gmt":"2024-02-16T19:51:14","slug":"sustainability-waves","status":"publish","type":"page","link":"https:\/\/oldsurfer.com\/es\/sustainability-waves\/","title":{"rendered":"Sustainability Waves"},"content":{"rendered":"[vc_row type=\u00bbfull_width_background\u00bb full_screen_row_position=\u00bbmiddle\u00bb column_margin=\u00bbdefault\u00bb equal_height=\u00bbyes\u00bb content_placement=\u00bbbottom\u00bb column_direction=\u00bbdefault\u00bb column_direction_tablet=\u00bbdefault\u00bb column_direction_phone=\u00bbdefault\u00bb bg_color=\u00bb#000000&#8243; bg_image=\u00bb11558&#8243; bg_position=\u00bbright top\u00bb background_image_loading=\u00bbdefault\u00bb bg_repeat=\u00bbno-repeat\u00bb scene_position=\u00bbcenter\u00bb top_padding=\u00bb10%\u00bb constrain_group_1=\u00bbyes\u00bb bottom_padding=\u00bb10%\u00bb text_color=\u00bblight\u00bb text_align=\u00bbleft\u00bb row_border_radius=\u00bbnone\u00bb row_border_radius_applies=\u00bbbg\u00bb overflow=\u00bbvisible\u00bb advanced_gradient_angle=\u00bb0&#8243; overlay_strength=\u00bb0.8&#8243; gradient_direction=\u00bbleft_to_right\u00bb shape_divider_position=\u00bbbottom\u00bb shape_divider_height=\u00bb350&#8243; bg_image_animation=\u00bbnone\u00bb parallax_bg=\u00bbtrue\u00bb parallax_bg_speed=\u00bbfast\u00bb shape_type=\u00bbmountains\u00bb gradient_type=\u00bbdefault\u00bb][vc_column column_padding=\u00bbno-extra-padding\u00bb column_padding_tablet=\u00bbinherit\u00bb column_padding_phone=\u00bbinherit\u00bb column_padding_position=\u00bball\u00bb column_element_spacing=\u00bbdefault\u00bb background_color_opacity=\u00bb1&#8243; background_hover_color_opacity=\u00bb1&#8243; column_shadow=\u00bbnone\u00bb column_border_radius=\u00bbnone\u00bb column_link_target=\u00bb_self\u00bb column_position=\u00bbdefault\u00bb gradient_direction=\u00bbleft_to_right\u00bb overlay_strength=\u00bb0.3&#8243; width=\u00bb1\/2&#8243; tablet_width_inherit=\u00bbdefault\u00bb tablet_text_alignment=\u00bbdefault\u00bb phone_text_alignment=\u00bbdefault\u00bb animation_type=\u00bbdefault\u00bb bg_image_animation=\u00bbnone\u00bb border_type=\u00bbsimple\u00bb column_border_width=\u00bbnone\u00bb column_border_style=\u00bbsolid\u00bb][vc_row_inner column_margin=\u00bbdefault\u00bb column_direction=\u00bbdefault\u00bb column_direction_tablet=\u00bbdefault\u00bb column_direction_phone=\u00bbdefault\u00bb text_align=\u00bbleft\u00bb row_position=\u00bbdefault\u00bb row_position_tablet=\u00bbinherit\u00bb row_position_phone=\u00bbinherit\u00bb overflow=\u00bbvisible\u00bb pointer_events=\u00bball\u00bb][vc_column_inner column_padding=\u00bbno-extra-padding\u00bb column_padding_tablet=\u00bbinherit\u00bb column_padding_phone=\u00bbinherit\u00bb column_padding_position=\u00bball\u00bb column_element_spacing=\u00bbdefault\u00bb background_color_opacity=\u00bb1&#8243; background_hover_color_opacity=\u00bb1&#8243; column_shadow=\u00bbnone\u00bb column_border_radius=\u00bbnone\u00bb column_link_target=\u00bb_self\u00bb advanced_gradient_angle=\u00bb0&#8243; gradient_direction=\u00bbleft_to_right\u00bb overlay_strength=\u00bb0.3&#8243; width=\u00bb1\/1&#8243; tablet_width_inherit=\u00bbdefault\u00bb animation_type=\u00bbdefault\u00bb bg_image_animation=\u00bbnone\u00bb border_type=\u00bbsimple\u00bb column_border_width=\u00bbnone\u00bb column_border_style=\u00bbsolid\u00bb gradient_type=\u00bbdefault\u00bb][nectar_highlighted_text color_type=\u00bbregular\u00bb highlight_color=\u00bb#ffffff\u00bb style=\u00bbregular_underline\u00bb highlight_expansion=\u00bbdefault\u00bb underline_thickness=\u00bbdefault\u00bb]\n<h5>PODCAST<\/h5>\n<h2><span style=\"color: #c1fc91;\">Sustainability Waves<\/span><\/h2>\n<h4>By Old Surfer<\/h4>\n[\/nectar_highlighted_text][vc_column_text]<span style=\"color: #acacac;\">Un ciclo de entrevistas a los agentes de cambio sostenible m\u00e1s destacados del mundo. Una nueva ola que iniciamos en Old Surfer, agencia y consultor\u00eda, con el prop\u00f3sito de liberar la sostenibilidad latente en marcas y proyectos. Disfruta y comparte los testimonios de quienes impulsan e inspiran al cambio de comportamiento sostenible en los consumidores. En l\u00ednea con el modelo \u00abnudge\u00bb \u00a1Aqu\u00ed va otro empujoncito para llegar al cambio!<\/span>[\/vc_column_text][\/vc_column_inner][\/vc_row_inner][\/vc_column][vc_column column_padding=\u00bbno-extra-padding\u00bb column_padding_tablet=\u00bbinherit\u00bb column_padding_phone=\u00bbinherit\u00bb column_padding_position=\u00bball\u00bb column_element_spacing=\u00bbdefault\u00bb background_color_opacity=\u00bb1&#8243; background_hover_color_opacity=\u00bb1&#8243; column_shadow=\u00bbnone\u00bb column_border_radius=\u00bbnone\u00bb column_link_target=\u00bb_self\u00bb column_position=\u00bbdefault\u00bb gradient_direction=\u00bbleft_to_right\u00bb overlay_strength=\u00bb0.3&#8243; width=\u00bb1\/2&#8243; tablet_width_inherit=\u00bbdefault\u00bb tablet_text_alignment=\u00bbdefault\u00bb phone_text_alignment=\u00bbdefault\u00bb animation_type=\u00bbdefault\u00bb bg_image_animation=\u00bbnone\u00bb border_type=\u00bbsimple\u00bb column_border_width=\u00bbnone\u00bb column_border_style=\u00bbsolid\u00bb][vc_row_inner column_margin=\u00bbdefault\u00bb column_direction=\u00bbdefault\u00bb column_direction_tablet=\u00bbdefault\u00bb column_direction_phone=\u00bbdefault\u00bb text_align=\u00bbleft\u00bb row_position=\u00bbdefault\u00bb row_position_tablet=\u00bbinherit\u00bb row_position_phone=\u00bbinherit\u00bb overflow=\u00bbvisible\u00bb pointer_events=\u00bball\u00bb][vc_column_inner column_padding=\u00bbno-extra-padding\u00bb column_padding_tablet=\u00bbinherit\u00bb column_padding_phone=\u00bbinherit\u00bb column_padding_position=\u00bball\u00bb column_element_spacing=\u00bbdefault\u00bb background_color_opacity=\u00bb1&#8243; background_hover_color_opacity=\u00bb1&#8243; column_shadow=\u00bbnone\u00bb column_border_radius=\u00bbnone\u00bb column_link_target=\u00bb_self\u00bb gradient_direction=\u00bbleft_to_right\u00bb overlay_strength=\u00bb0.3&#8243; width=\u00bb1\/4&#8243; tablet_width_inherit=\u00bbdefault\u00bb animation_type=\u00bbdefault\u00bb bg_image_animation=\u00bbnone\u00bb border_type=\u00bbsimple\u00bb column_border_width=\u00bbnone\u00bb column_border_style=\u00bbsolid\u00bb][\/vc_column_inner][vc_column_inner column_padding=\u00bbpadding-10-percent\u00bb column_padding_tablet=\u00bbinherit\u00bb column_padding_phone=\u00bbinherit\u00bb column_padding_position=\u00bbtop\u00bb column_element_spacing=\u00bbdefault\u00bb background_color_opacity=\u00bb1&#8243; background_hover_color_opacity=\u00bb1&#8243; column_shadow=\u00bbnone\u00bb column_border_radius=\u00bbnone\u00bb column_link_target=\u00bb_self\u00bb advanced_gradient_angle=\u00bb0&#8243; gradient_direction=\u00bbleft_to_right\u00bb overlay_strength=\u00bb0.3&#8243; width=\u00bb3\/4&#8243; tablet_width_inherit=\u00bbdefault\u00bb animation_type=\u00bbdefault\u00bb bg_image_animation=\u00bbnone\u00bb border_type=\u00bbsimple\u00bb column_border_width=\u00bbnone\u00bb column_border_style=\u00bbsolid\u00bb gradient_type=\u00bbdefault\u00bb][vc_raw_html]JTNDaWZyYW1lJTIwc3R5bGUlM0QlMjJib3JkZXItcmFkaXVzJTNBMTJweCUyMiUyMHNyYyUzRCUyMmh0dHBzJTNBJTJGJTJGb3Blbi5zcG90aWZ5LmNvbSUyRmVtYmVkJTJGc2hvdyUyRjN2MGVFOVNzODM4VW5XZzhkSm50UzYlM0Z1dG1fc291cmNlJTNEZ2VuZXJhdG9yJTIyJTIwd2lkdGglM0QlMjIxMDAlMjUlMjIlMjBoZWlnaHQlM0QlMjIxNTIlMjIlMjBmcmFtZUJvcmRlciUzRCUyMjAlMjIlMjBhbGxvd2Z1bGxzY3JlZW4lM0QlMjIlMjIlMjBhbGxvdyUzRCUyMmF1dG9wbGF5JTNCJTIwY2xpcGJvYXJkLXdyaXRlJTNCJTIwZW5jcnlwdGVkLW1lZGlhJTNCJTIwZnVsbHNjcmVlbiUzQiUyMHBpY3R1cmUtaW4tcGljdHVyZSUyMiUyMGxvYWRpbmclM0QlMjJsYXp5JTIyJTNFJTNDJTJGaWZyYW1lJTNF[\/vc_raw_html][\/vc_column_inner][\/vc_row_inner][\/vc_column][\/vc_row][vc_row type=\u00bbfull_width_content\u00bb full_screen_row_position=\u00bbmiddle\u00bb column_margin=\u00bbdefault\u00bb column_direction=\u00bbdefault\u00bb column_direction_tablet=\u00bbdefault\u00bb column_direction_phone=\u00bbdefault\u00bb bg_color=\u00bb#3b3b3b\u00bb scene_position=\u00bbcenter\u00bb constrain_group_1=\u00bbyes\u00bb top_padding_tablet=\u00bb20%\u00bb bottom_padding_tablet=\u00bb20%\u00bb text_color=\u00bblight\u00bb text_align=\u00bbleft\u00bb row_border_radius=\u00bbnone\u00bb row_border_radius_applies=\u00bbbg\u00bb overflow=\u00bbvisible\u00bb advanced_gradient_angle=\u00bb0&#8243; overlay_strength=\u00bb0.3&#8243; gradient_direction=\u00bbleft_to_right\u00bb shape_divider_position=\u00bbbottom\u00bb bg_image_animation=\u00bbnone\u00bb shape_type=\u00bb\u00bb gradient_type=\u00bbdefault\u00bb][vc_column column_padding=\u00bbno-extra-padding\u00bb column_padding_tablet=\u00bbinherit\u00bb column_padding_phone=\u00bbinherit\u00bb column_padding_position=\u00bball\u00bb column_element_spacing=\u00bbdefault\u00bb background_color_opacity=\u00bb1&#8243; background_hover_color_opacity=\u00bb1&#8243; background_image=\u00bb11522&#8243; background_image_position=\u00bbcenter center\u00bb enable_bg_scale=\u00bbtrue\u00bb background_image_loading=\u00bbdefault\u00bb column_shadow=\u00bbnone\u00bb column_border_radius=\u00bbnone\u00bb column_link_target=\u00bb_self\u00bb column_position=\u00bbdefault\u00bb advanced_gradient_angle=\u00bb0&#8243; gradient_direction=\u00bbleft_to_right\u00bb overlay_strength=\u00bb0.3&#8243; width=\u00bb1\/1&#8243; tablet_width_inherit=\u00bbdefault\u00bb tablet_text_alignment=\u00bbdefault\u00bb phone_text_alignment=\u00bbdefault\u00bb animation_type=\u00bbdefault\u00bb bg_image_animation=\u00bbnone\u00bb border_type=\u00bbsimple\u00bb column_border_width=\u00bbnone\u00bb column_border_style=\u00bbsolid\u00bb gradient_type=\u00bbdefault\u00bb][vc_row_inner column_margin=\u00bbnone\u00bb column_direction=\u00bbdefault\u00bb column_direction_tablet=\u00bbdefault\u00bb column_direction_phone=\u00bbdefault\u00bb left_padding_desktop=\u00bb5%\u00bb constrain_group_2=\u00bbyes\u00bb right_padding_desktop=\u00bb5%\u00bb bottom_padding_tablet=\u00bb25&#8243; constrain_group_4=\u00bbyes\u00bb left_padding_phone=\u00bb0&#8243; constrain_group_6=\u00bbyes\u00bb right_padding_phone=\u00bb0&#8243; text_align=\u00bbleft\u00bb row_position=\u00bbdefault\u00bb row_position_tablet=\u00bbinherit\u00bb row_position_phone=\u00bbinherit\u00bb overflow=\u00bbvisible\u00bb pointer_events=\u00bball\u00bb][vc_column_inner column_padding=\u00bbpadding-5-percent\u00bb column_padding_tablet=\u00bbinherit\u00bb column_padding_phone=\u00bbinherit\u00bb column_padding_position=\u00bball\u00bb column_element_spacing=\u00bbdefault\u00bb background_color_opacity=\u00bb1&#8243; background_hover_color_opacity=\u00bb1&#8243; column_shadow=\u00bbnone\u00bb column_border_radius=\u00bbnone\u00bb column_link_target=\u00bb_self\u00bb advanced_gradient_angle=\u00bb0&#8243; gradient_direction=\u00bbleft_to_right\u00bb overlay_strength=\u00bb0.3&#8243; width=\u00bb1\/1&#8243; tablet_width_inherit=\u00bbdefault\u00bb animation_type=\u00bbdefault\u00bb enable_animation=\u00bbtrue\u00bb animation=\u00bbfade-in-from-bottom\u00bb bg_image_animation=\u00bbnone\u00bb border_type=\u00bbsimple\u00bb column_border_width=\u00bbnone\u00bb column_border_style=\u00bbsolid\u00bb gradient_type=\u00bbdefault\u00bb][nectar_post_grid post_type=\u00bbportfolio\u00bb portfolio_category=\u00bbsustainability-waves\u00bb order=\u00bbDESC\u00bb orderby=\u00bbdate\u00bb pagination=\u00bbload-more\u00bb button_color=\u00bbextra-color-3&#8243; columns=\u00bb2&#8243; grid_item_spacing=\u00bb15px\u00bb grid_item_height=\u00bb75vh\u00bb image_size=\u00bblarge\u00bb aspect_ratio_image_size=\u00bbyes\u00bb custom_image_aspect_ratio=\u00bb4-3&#8243; image_loading=\u00bbdefault\u00bb animation=\u00bbnone\u00bb heading_tag=\u00bbh4&#8243; display_categories=\u00bbyes\u00bb category_functionality=\u00bbdefault\u00bb category_position=\u00bbdefault\u00bb display_date=\u00bbyes\u00bb display_excerpt=\u00bbyes\u00bb grid_style=\u00bbcontent_under_image\u00bb card_design=\u00bbyes\u00bb card_bg_color=\u00bb#1f2125&#8243; card_bg_color_hover=\u00bb#25272b\u00bb content_under_image_text_align=\u00bbcenter\u00bb text_color=\u00bblight\u00bb hover_effect=\u00bbnone\u00bb border_radius=\u00bb10px\u00bb card_design_bg_color=\u00bb#00cae8&#8243; posts_per_page=\u00bb4&#8243;][\/vc_column_inner][\/vc_row_inner][\/vc_column][\/vc_row]\n","protected":false},"excerpt":{"rendered":"<p>[vc_row type=\u00bbfull_width_background\u00bb full_screen_row_position=\u00bbmiddle\u00bb column_margin=\u00bbdefault\u00bb equal_height=\u00bbyes\u00bb content_placement=\u00bbbottom\u00bb column_direction=\u00bbdefault\u00bb column_direction_tablet=\u00bbdefault\u00bb column_direction_phone=\u00bbdefault\u00bb bg_color=\u00bb#000000&#8243; bg_image=\u00bb11558&#8243; bg_position=\u00bbright top\u00bb background_image_loading=\u00bbdefault\u00bb bg_repeat=\u00bbno-repeat\u00bb&#8230;<\/p>\n","protected":false},"author":6,"featured_media":10187,"parent":0,"menu_order":0,"comment_status":"open","ping_status":"closed","template":"","meta":{"footnotes":""},"class_list":["post-11504","page","type-page","status-publish","has-post-thumbnail"],"yoast_head":"<!-- This site is optimized with the Yoast SEO plugin v27.5 - https:\/\/yoast.com\/product\/yoast-seo-wordpress\/ -->\n<title>Sustainability Waves - Old Surfer<\/title>\n<meta name=\"description\" content=\"Sustainability Waves. A series of interviews with the most prominent agents of sustainable change in the world.\" \/>\n<meta name=\"robots\" content=\"index, follow, max-snippet:-1, max-image-preview:large, max-video-preview:-1\" \/>\n<link rel=\"canonical\" href=\"https:\/\/oldsurfer.com\/es\/sustainability-waves\/\" \/>\n<meta property=\"og:locale\" content=\"es_ES\" \/>\n<meta property=\"og:type\" content=\"article\" \/>\n<meta property=\"og:title\" content=\"Sustainability WavesBy Old Surfer\" \/>\n<meta property=\"og:description\" content=\"A series of interviews with the most prominent agents of sustainable change in the world. A new wave that we are initiating at Old Surfer, an agency and consultancy, with the purpose of unleashing sustainability within brands and projects. Enjoy and share the testimonies of those who drive and inspire sustainable behavior change in consumers. Aligned with the \u201cnudge\u201d model, here\u2019s another little push to make the change happen\" \/>\n<meta property=\"og:url\" content=\"https:\/\/oldsurfer.com\/es\/sustainability-waves\/\" \/>\n<meta property=\"og:site_name\" content=\"Old Surfer\" \/>\n<meta property=\"article:modified_time\" content=\"2024-02-16T19:51:14+00:00\" \/>\n<meta property=\"og:image\" content=\"https:\/\/oldsurfer.com\/wp-content\/uploads\/2022\/01\/SustainabilityWaves.jpg\" \/>\n\t<meta property=\"og:image:width\" content=\"1200\" \/>\n\t<meta property=\"og:image:height\" content=\"1200\" \/>\n\t<meta property=\"og:image:type\" content=\"image\/jpeg\" \/>\n<meta name=\"twitter:card\" content=\"summary_large_image\" \/>\n<meta name=\"twitter:title\" content=\"Sustainability WavesBy Old Surfer\" \/>\n<meta name=\"twitter:description\" content=\"A series of interviews with the most prominent agents of sustainable change in the world. A new wave that we are initiating at Old Surfer, an agency and consultancy, with the purpose of unleashing sustainability within brands and projects. Enjoy and share the testimonies of those who drive and inspire sustainable behavior change in consumers. Aligned with the \u201cnudge\u201d model, here\u2019s another little push to make the change happen\" \/>\n<meta name=\"twitter:image\" content=\"https:\/\/oldsurfer.com\/wp-content\/uploads\/2022\/01\/SustainabilityWaves.jpg\" \/>\n<meta name=\"twitter:label1\" content=\"Tiempo de lectura\" \/>\n\t<meta name=\"twitter:data1\" content=\"1 minuto\" \/>\n<script type=\"application\/ld+json\" class=\"yoast-schema-graph\">{\"@context\":\"https:\\\/\\\/schema.org\",\"@graph\":[{\"@type\":\"WebPage\",\"@id\":\"https:\\\/\\\/oldsurfer.com\\\/es\\\/sustainability-waves\\\/\",\"url\":\"https:\\\/\\\/oldsurfer.com\\\/es\\\/sustainability-waves\\\/\",\"name\":\"Sustainability Waves - Old Surfer\",\"isPartOf\":{\"@id\":\"https:\\\/\\\/oldsurfer.com\\\/es\\\/#website\"},\"primaryImageOfPage\":{\"@id\":\"https:\\\/\\\/oldsurfer.com\\\/es\\\/sustainability-waves\\\/#primaryimage\"},\"image\":{\"@id\":\"https:\\\/\\\/oldsurfer.com\\\/es\\\/sustainability-waves\\\/#primaryimage\"},\"thumbnailUrl\":\"https:\\\/\\\/oldsurfer.com\\\/wp-content\\\/uploads\\\/2022\\\/01\\\/SustainabilityWaves.jpg\",\"datePublished\":\"2024-02-08T11:28:02+00:00\",\"dateModified\":\"2024-02-16T19:51:14+00:00\",\"description\":\"Sustainability Waves. A series of interviews with the most prominent agents of sustainable change in the world.\",\"breadcrumb\":{\"@id\":\"https:\\\/\\\/oldsurfer.com\\\/es\\\/sustainability-waves\\\/#breadcrumb\"},\"inLanguage\":\"es\",\"potentialAction\":[{\"@type\":\"ReadAction\",\"target\":[\"https:\\\/\\\/oldsurfer.com\\\/es\\\/sustainability-waves\\\/\"]}]},{\"@type\":\"ImageObject\",\"inLanguage\":\"es\",\"@id\":\"https:\\\/\\\/oldsurfer.com\\\/es\\\/sustainability-waves\\\/#primaryimage\",\"url\":\"https:\\\/\\\/oldsurfer.com\\\/wp-content\\\/uploads\\\/2022\\\/01\\\/SustainabilityWaves.jpg\",\"contentUrl\":\"https:\\\/\\\/oldsurfer.com\\\/wp-content\\\/uploads\\\/2022\\\/01\\\/SustainabilityWaves.jpg\",\"width\":1200,\"height\":1200,\"caption\":\"SustainabilityWaves\"},{\"@type\":\"BreadcrumbList\",\"@id\":\"https:\\\/\\\/oldsurfer.com\\\/es\\\/sustainability-waves\\\/#breadcrumb\",\"itemListElement\":[{\"@type\":\"ListItem\",\"position\":1,\"name\":\"Home\",\"item\":\"https:\\\/\\\/oldsurfer.com\\\/es\\\/\"},{\"@type\":\"ListItem\",\"position\":2,\"name\":\"Sustainability Waves\"}]},{\"@type\":\"WebSite\",\"@id\":\"https:\\\/\\\/oldsurfer.com\\\/es\\\/#website\",\"url\":\"https:\\\/\\\/oldsurfer.com\\\/es\\\/\",\"name\":\"Old Surfer\",\"description\":\"Old Surfer es una Agencia de Cambio.\",\"publisher\":{\"@id\":\"https:\\\/\\\/oldsurfer.com\\\/es\\\/#organization\"},\"potentialAction\":[{\"@type\":\"SearchAction\",\"target\":{\"@type\":\"EntryPoint\",\"urlTemplate\":\"https:\\\/\\\/oldsurfer.com\\\/es\\\/?s={search_term_string}\"},\"query-input\":{\"@type\":\"PropertyValueSpecification\",\"valueRequired\":true,\"valueName\":\"search_term_string\"}}],\"inLanguage\":\"es\"},{\"@type\":\"Organization\",\"@id\":\"https:\\\/\\\/oldsurfer.com\\\/es\\\/#organization\",\"name\":\"Old Surfer\",\"url\":\"https:\\\/\\\/oldsurfer.com\\\/es\\\/\",\"logo\":{\"@type\":\"ImageObject\",\"inLanguage\":\"es\",\"@id\":\"https:\\\/\\\/oldsurfer.com\\\/es\\\/#\\\/schema\\\/logo\\\/image\\\/\",\"url\":\"https:\\\/\\\/oldsurfer.com\\\/wp-content\\\/uploads\\\/2021\\\/10\\\/os_perfil.jpg\",\"contentUrl\":\"https:\\\/\\\/oldsurfer.com\\\/wp-content\\\/uploads\\\/2021\\\/10\\\/os_perfil.jpg\",\"width\":1200,\"height\":1200,\"caption\":\"Old Surfer\"},\"image\":{\"@id\":\"https:\\\/\\\/oldsurfer.com\\\/es\\\/#\\\/schema\\\/logo\\\/image\\\/\"},\"sameAs\":[\"https:\\\/\\\/www.instagram.com\\\/oldsurfer_\\\/\",\"https:\\\/\\\/www.linkedin.com\\\/company\\\/old-surfer\\\/\",\"https:\\\/\\\/www.youtube.com\\\/channel\\\/UClSlsa6ezMhkBDjoYaZtUfQ\"]}]}<\/script>\n<!-- \/ Yoast SEO plugin. -->","yoast_head_json":{"title":"Sustainability Waves - Old Surfer","description":"Sustainability Waves. A series of interviews with the most prominent agents of sustainable change in the world.","robots":{"index":"index","follow":"follow","max-snippet":"max-snippet:-1","max-image-preview":"max-image-preview:large","max-video-preview":"max-video-preview:-1"},"canonical":"https:\/\/oldsurfer.com\/es\/sustainability-waves\/","og_locale":"es_ES","og_type":"article","og_title":"Sustainability WavesBy Old Surfer","og_description":"A series of interviews with the most prominent agents of sustainable change in the world. A new wave that we are initiating at Old Surfer, an agency and consultancy, with the purpose of unleashing sustainability within brands and projects. Enjoy and share the testimonies of those who drive and inspire sustainable behavior change in consumers. Aligned with the \u201cnudge\u201d model, here\u2019s another little push to make the change happen","og_url":"https:\/\/oldsurfer.com\/es\/sustainability-waves\/","og_site_name":"Old Surfer","article_modified_time":"2024-02-16T19:51:14+00:00","og_image":[{"width":1200,"height":1200,"url":"https:\/\/oldsurfer.com\/wp-content\/uploads\/2022\/01\/SustainabilityWaves.jpg","type":"image\/jpeg"}],"twitter_card":"summary_large_image","twitter_title":"Sustainability WavesBy Old Surfer","twitter_description":"A series of interviews with the most prominent agents of sustainable change in the world. A new wave that we are initiating at Old Surfer, an agency and consultancy, with the purpose of unleashing sustainability within brands and projects. Enjoy and share the testimonies of those who drive and inspire sustainable behavior change in consumers. Aligned with the \u201cnudge\u201d model, here\u2019s another little push to make the change happen","twitter_image":"https:\/\/oldsurfer.com\/wp-content\/uploads\/2022\/01\/SustainabilityWaves.jpg","twitter_misc":{"Tiempo de lectura":"1 minuto"},"schema":{"@context":"https:\/\/schema.org","@graph":[{"@type":"WebPage","@id":"https:\/\/oldsurfer.com\/es\/sustainability-waves\/","url":"https:\/\/oldsurfer.com\/es\/sustainability-waves\/","name":"Sustainability Waves - Old Surfer","isPartOf":{"@id":"https:\/\/oldsurfer.com\/es\/#website"},"primaryImageOfPage":{"@id":"https:\/\/oldsurfer.com\/es\/sustainability-waves\/#primaryimage"},"image":{"@id":"https:\/\/oldsurfer.com\/es\/sustainability-waves\/#primaryimage"},"thumbnailUrl":"https:\/\/oldsurfer.com\/wp-content\/uploads\/2022\/01\/SustainabilityWaves.jpg","datePublished":"2024-02-08T11:28:02+00:00","dateModified":"2024-02-16T19:51:14+00:00","description":"Sustainability Waves. A series of interviews with the most prominent agents of sustainable change in the world.","breadcrumb":{"@id":"https:\/\/oldsurfer.com\/es\/sustainability-waves\/#breadcrumb"},"inLanguage":"es","potentialAction":[{"@type":"ReadAction","target":["https:\/\/oldsurfer.com\/es\/sustainability-waves\/"]}]},{"@type":"ImageObject","inLanguage":"es","@id":"https:\/\/oldsurfer.com\/es\/sustainability-waves\/#primaryimage","url":"https:\/\/oldsurfer.com\/wp-content\/uploads\/2022\/01\/SustainabilityWaves.jpg","contentUrl":"https:\/\/oldsurfer.com\/wp-content\/uploads\/2022\/01\/SustainabilityWaves.jpg","width":1200,"height":1200,"caption":"SustainabilityWaves"},{"@type":"BreadcrumbList","@id":"https:\/\/oldsurfer.com\/es\/sustainability-waves\/#breadcrumb","itemListElement":[{"@type":"ListItem","position":1,"name":"Home","item":"https:\/\/oldsurfer.com\/es\/"},{"@type":"ListItem","position":2,"name":"Sustainability Waves"}]},{"@type":"WebSite","@id":"https:\/\/oldsurfer.com\/es\/#website","url":"https:\/\/oldsurfer.com\/es\/","name":"Old Surfer","description":"Old Surfer es una Agencia de Cambio.","publisher":{"@id":"https:\/\/oldsurfer.com\/es\/#organization"},"potentialAction":[{"@type":"SearchAction","target":{"@type":"EntryPoint","urlTemplate":"https:\/\/oldsurfer.com\/es\/?s={search_term_string}"},"query-input":{"@type":"PropertyValueSpecification","valueRequired":true,"valueName":"search_term_string"}}],"inLanguage":"es"},{"@type":"Organization","@id":"https:\/\/oldsurfer.com\/es\/#organization","name":"Old Surfer","url":"https:\/\/oldsurfer.com\/es\/","logo":{"@type":"ImageObject","inLanguage":"es","@id":"https:\/\/oldsurfer.com\/es\/#\/schema\/logo\/image\/","url":"https:\/\/oldsurfer.com\/wp-content\/uploads\/2021\/10\/os_perfil.jpg","contentUrl":"https:\/\/oldsurfer.com\/wp-content\/uploads\/2021\/10\/os_perfil.jpg","width":1200,"height":1200,"caption":"Old Surfer"},"image":{"@id":"https:\/\/oldsurfer.com\/es\/#\/schema\/logo\/image\/"},"sameAs":["https:\/\/www.instagram.com\/oldsurfer_\/","https:\/\/www.linkedin.com\/company\/old-surfer\/","https:\/\/www.youtube.com\/channel\/UClSlsa6ezMhkBDjoYaZtUfQ"]}]}},"_links":{"self":[{"href":"https:\/\/oldsurfer.com\/es\/wp-json\/wp\/v2\/pages\/11504","targetHints":{"allow":["GET"]}}],"collection":[{"href":"https:\/\/oldsurfer.com\/es\/wp-json\/wp\/v2\/pages"}],"about":[{"href":"https:\/\/oldsurfer.com\/es\/wp-json\/wp\/v2\/types\/page"}],"author":[{"embeddable":true,"href":"https:\/\/oldsurfer.com\/es\/wp-json\/wp\/v2\/users\/6"}],"replies":[{"embeddable":true,"href":"https:\/\/oldsurfer.com\/es\/wp-json\/wp\/v2\/comments?post=11504"}],"version-history":[{"count":13,"href":"https:\/\/oldsurfer.com\/es\/wp-json\/wp\/v2\/pages\/11504\/revisions"}],"predecessor-version":[{"id":11560,"href":"https:\/\/oldsurfer.com\/es\/wp-json\/wp\/v2\/pages\/11504\/revisions\/11560"}],"wp:featuredmedia":[{"embeddable":true,"href":"https:\/\/oldsurfer.com\/es\/wp-json\/wp\/v2\/media\/10187"}],"wp:attachment":[{"href":"https:\/\/oldsurfer.com\/es\/wp-json\/wp\/v2\/media?parent=11504"}],"curies":[{"name":"wp","href":"https:\/\/api.w.org\/{rel}","templated":true}]}}